{"id":51,"date":"2024-12-14T22:00:00","date_gmt":"2024-12-14T21:00:00","guid":{"rendered":"https:\/\/torrenigma.com\/maia\/?page_id=51"},"modified":"2026-02-26T21:14:21","modified_gmt":"2026-02-26T20:14:21","slug":"diseno","status":"publish","type":"page","link":"https:\/\/maiafb.es\/index.php\/projects\/diseno\/","title":{"rendered":"Dise\u00f1o"},"content":{"rendered":"\n<p>El Dise\u00f1o Gr\u00e1fico me ayuda a entender lugares, materiales, momentos e ideas sin prejuicios, donde la creatividad, la tecnicidad, la sencillez, la sorpresa y la experimentaci\u00f3n se entrelazan. Me gusta pensar, entonces, en c\u00f3mo he organizado por colores los sabores de los helados que he llegado a vender, con el objetivo de despertar en el cliente el deseo de probarlos; c\u00f3mo, trabajando en el aeropuerto, he ideado pictogramas acordes con los c\u00f3digos a\u00e9reos; o c\u00f3mo una situaci\u00f3n en casa, con canciones de mi playlist de fondo, ha dado lugar a un p\u00f3ster de la marca de zapatillas de la que soy fan absoluta.<\/p>\n\n\n\n<p>BEHANCE. <a href=\"https:\/\/www.behance.net\/maifernandes\">Explora mis proyectos individuales de dise\u00f1o gr\u00e1fico<\/a><\/p>\n\n\n\n<p>GOOGLE DRIVE. <a href=\"https:\/\/drive.google.com\/file\/d\/18A0mkNyyrjm8S13KShitVmy1Dt1o9geP\/view?usp=sharing\" type=\"link\" id=\"https:\/\/drive.google.com\/file\/d\/18A0mkNyyrjm8S13KShitVmy1Dt1o9geP\/view?usp=sharing\">Consulta mi portfolio completo en formato digital<\/a><\/p>\n\n\n\n<hr class=\"wp-block-separator has-alpha-channel-opacity\"\/>\n\n\n\n<figure class=\"wp-block-gallery has-nested-images columns-3 is-cropped wp-block-gallery-1 is-layout-flex wp-block-gallery-is-layout-flex\">\n<figure class=\"wp-block-image size-large\"><img loading=\"lazy\" decoding=\"async\" width=\"1024\" height=\"655\" data-id=\"335\" src=\"https:\/\/maiafb.es\/wp-content\/uploads\/2025\/03\/Free-Three-Subway-Station-Poster-Mockup-copia-1-1024x655.png\" alt=\"\" class=\"wp-image-335\" srcset=\"https:\/\/maiafb.es\/wp-content\/uploads\/2025\/03\/Free-Three-Subway-Station-Poster-Mockup-copia-1-1024x655.png 1024w, https:\/\/maiafb.es\/wp-content\/uploads\/2025\/03\/Free-Three-Subway-Station-Poster-Mockup-copia-1-300x192.png 300w, https:\/\/maiafb.es\/wp-content\/uploads\/2025\/03\/Free-Three-Subway-Station-Poster-Mockup-copia-1-768x492.png 768w, https:\/\/maiafb.es\/wp-content\/uploads\/2025\/03\/Free-Three-Subway-Station-Poster-Mockup-copia-1-1536x983.png 1536w, https:\/\/maiafb.es\/wp-content\/uploads\/2025\/03\/Free-Three-Subway-Station-Poster-Mockup-copia-1-2048x1311.png 2048w\" sizes=\"auto, (max-width: 1024px) 100vw, 1024px\" \/><\/figure>\n\n\n\n<figure class=\"wp-block-image size-large\"><img loading=\"lazy\" decoding=\"async\" width=\"1024\" height=\"728\" data-id=\"262\" src=\"https:\/\/maiafb.es\/wp-content\/uploads\/2025\/03\/Free-Lunch-Kraft-Paper-Bag-Mockup-2-1024x728.png\" alt=\"\" class=\"wp-image-262\" srcset=\"https:\/\/maiafb.es\/wp-content\/uploads\/2025\/03\/Free-Lunch-Kraft-Paper-Bag-Mockup-2-1024x728.png 1024w, https:\/\/maiafb.es\/wp-content\/uploads\/2025\/03\/Free-Lunch-Kraft-Paper-Bag-Mockup-2-300x213.png 300w, https:\/\/maiafb.es\/wp-content\/uploads\/2025\/03\/Free-Lunch-Kraft-Paper-Bag-Mockup-2-768x546.png 768w, https:\/\/maiafb.es\/wp-content\/uploads\/2025\/03\/Free-Lunch-Kraft-Paper-Bag-Mockup-2-1536x1092.png 1536w, https:\/\/maiafb.es\/wp-content\/uploads\/2025\/03\/Free-Lunch-Kraft-Paper-Bag-Mockup-2-2048x1456.png 2048w\" sizes=\"auto, (max-width: 1024px) 100vw, 1024px\" \/><\/figure>\n\n\n\n<figure class=\"wp-block-image size-large\"><img loading=\"lazy\" decoding=\"async\" width=\"1024\" height=\"747\" data-id=\"326\" src=\"https:\/\/maiafb.es\/wp-content\/uploads\/2025\/03\/Free-Subway-Advertising-Display-Mockup-1024x747.png\" alt=\"\" class=\"wp-image-326\" srcset=\"https:\/\/maiafb.es\/wp-content\/uploads\/2025\/03\/Free-Subway-Advertising-Display-Mockup-1024x747.png 1024w, https:\/\/maiafb.es\/wp-content\/uploads\/2025\/03\/Free-Subway-Advertising-Display-Mockup-300x219.png 300w, https:\/\/maiafb.es\/wp-content\/uploads\/2025\/03\/Free-Subway-Advertising-Display-Mockup-768x560.png 768w, https:\/\/maiafb.es\/wp-content\/uploads\/2025\/03\/Free-Subway-Advertising-Display-Mockup-1536x1120.png 1536w, https:\/\/maiafb.es\/wp-content\/uploads\/2025\/03\/Free-Subway-Advertising-Display-Mockup-2048x1493.png 2048w\" sizes=\"auto, (max-width: 1024px) 100vw, 1024px\" \/><\/figure>\n\n\n\n<figure class=\"wp-block-image size-large\"><img loading=\"lazy\" decoding=\"async\" width=\"1024\" height=\"717\" data-id=\"350\" src=\"https:\/\/maiafb.es\/wp-content\/uploads\/2025\/03\/4.White_-3-1024x717.png\" alt=\"\" class=\"wp-image-350\" srcset=\"https:\/\/maiafb.es\/wp-content\/uploads\/2025\/03\/4.White_-3-1024x717.png 1024w, https:\/\/maiafb.es\/wp-content\/uploads\/2025\/03\/4.White_-3-300x210.png 300w, https:\/\/maiafb.es\/wp-content\/uploads\/2025\/03\/4.White_-3-768x538.png 768w, https:\/\/maiafb.es\/wp-content\/uploads\/2025\/03\/4.White_-3-1536x1075.png 1536w, https:\/\/maiafb.es\/wp-content\/uploads\/2025\/03\/4.White_-3-2048x1434.png 2048w\" sizes=\"auto, (max-width: 1024px) 100vw, 1024px\" \/><\/figure>\n\n\n\n<figure class=\"wp-block-image size-large\"><img loading=\"lazy\" decoding=\"async\" width=\"1024\" height=\"683\" data-id=\"333\" src=\"https:\/\/maiafb.es\/wp-content\/uploads\/2025\/03\/mockup-of-a-round-sign-attached-to-a-building-2222-el1-copia-2-1024x683.png\" alt=\"\" class=\"wp-image-333\" srcset=\"https:\/\/maiafb.es\/wp-content\/uploads\/2025\/03\/mockup-of-a-round-sign-attached-to-a-building-2222-el1-copia-2-1024x683.png 1024w, https:\/\/maiafb.es\/wp-content\/uploads\/2025\/03\/mockup-of-a-round-sign-attached-to-a-building-2222-el1-copia-2-300x200.png 300w, https:\/\/maiafb.es\/wp-content\/uploads\/2025\/03\/mockup-of-a-round-sign-attached-to-a-building-2222-el1-copia-2-768x512.png 768w, https:\/\/maiafb.es\/wp-content\/uploads\/2025\/03\/mockup-of-a-round-sign-attached-to-a-building-2222-el1-copia-2-1536x1025.png 1536w, https:\/\/maiafb.es\/wp-content\/uploads\/2025\/03\/mockup-of-a-round-sign-attached-to-a-building-2222-el1-copia-2.png 1920w\" sizes=\"auto, (max-width: 1024px) 100vw, 1024px\" \/><\/figure>\n\n\n\n<figure class=\"wp-block-image size-large\"><img loading=\"lazy\" decoding=\"async\" width=\"1024\" height=\"884\" data-id=\"346\" src=\"https:\/\/maiafb.es\/wp-content\/uploads\/2025\/03\/Free-Book-Mockup_02-copia-3-1024x884.png\" alt=\"\" class=\"wp-image-346\" srcset=\"https:\/\/maiafb.es\/wp-content\/uploads\/2025\/03\/Free-Book-Mockup_02-copia-3-1024x884.png 1024w, https:\/\/maiafb.es\/wp-content\/uploads\/2025\/03\/Free-Book-Mockup_02-copia-3-300x259.png 300w, https:\/\/maiafb.es\/wp-content\/uploads\/2025\/03\/Free-Book-Mockup_02-copia-3-768x663.png 768w, https:\/\/maiafb.es\/wp-content\/uploads\/2025\/03\/Free-Book-Mockup_02-copia-3-1536x1326.png 1536w, https:\/\/maiafb.es\/wp-content\/uploads\/2025\/03\/Free-Book-Mockup_02-copia-3-2048x1768.png 2048w\" sizes=\"auto, (max-width: 1024px) 100vw, 1024px\" \/><\/figure>\n\n\n\n<figure class=\"wp-block-image size-large\"><img loading=\"lazy\" decoding=\"async\" width=\"1024\" height=\"768\" data-id=\"324\" src=\"https:\/\/maiafb.es\/wp-content\/uploads\/2025\/03\/Free-Subway-Billboard-Mockup-1024x768.png\" alt=\"\" class=\"wp-image-324\" srcset=\"https:\/\/maiafb.es\/wp-content\/uploads\/2025\/03\/Free-Subway-Billboard-Mockup-1024x768.png 1024w, https:\/\/maiafb.es\/wp-content\/uploads\/2025\/03\/Free-Subway-Billboard-Mockup-300x225.png 300w, https:\/\/maiafb.es\/wp-content\/uploads\/2025\/03\/Free-Subway-Billboard-Mockup-768x576.png 768w, https:\/\/maiafb.es\/wp-content\/uploads\/2025\/03\/Free-Subway-Billboard-Mockup-1536x1152.png 1536w, https:\/\/maiafb.es\/wp-content\/uploads\/2025\/03\/Free-Subway-Billboard-Mockup-2048x1536.png 2048w\" sizes=\"auto, (max-width: 1024px) 100vw, 1024px\" \/><\/figure>\n\n\n\n<figure class=\"wp-block-image size-large\"><img loading=\"lazy\" decoding=\"async\" width=\"1024\" height=\"683\" data-id=\"272\" src=\"https:\/\/maiafb.es\/wp-content\/uploads\/2025\/03\/M1019ChocolateBarGroup-1024x683.png\" alt=\"\" class=\"wp-image-272\" srcset=\"https:\/\/maiafb.es\/wp-content\/uploads\/2025\/03\/M1019ChocolateBarGroup-1024x683.png 1024w, https:\/\/maiafb.es\/wp-content\/uploads\/2025\/03\/M1019ChocolateBarGroup-300x200.png 300w, https:\/\/maiafb.es\/wp-content\/uploads\/2025\/03\/M1019ChocolateBarGroup-768x513.png 768w, https:\/\/maiafb.es\/wp-content\/uploads\/2025\/03\/M1019ChocolateBarGroup-1536x1025.png 1536w, https:\/\/maiafb.es\/wp-content\/uploads\/2025\/03\/M1019ChocolateBarGroup-2048x1367.png 2048w\" sizes=\"auto, (max-width: 1024px) 100vw, 1024px\" \/><\/figure>\n\n\n\n<figure class=\"wp-block-image size-large\"><img loading=\"lazy\" decoding=\"async\" width=\"1024\" height=\"768\" data-id=\"294\" src=\"https:\/\/maiafb.es\/wp-content\/uploads\/2025\/03\/Poster_Frame_on_the_Wall_Mockup_3-1024x768.png\" alt=\"\" class=\"wp-image-294\" srcset=\"https:\/\/maiafb.es\/wp-content\/uploads\/2025\/03\/Poster_Frame_on_the_Wall_Mockup_3-1024x768.png 1024w, https:\/\/maiafb.es\/wp-content\/uploads\/2025\/03\/Poster_Frame_on_the_Wall_Mockup_3-300x225.png 300w, https:\/\/maiafb.es\/wp-content\/uploads\/2025\/03\/Poster_Frame_on_the_Wall_Mockup_3-768x576.png 768w, https:\/\/maiafb.es\/wp-content\/uploads\/2025\/03\/Poster_Frame_on_the_Wall_Mockup_3-1536x1152.png 1536w, https:\/\/maiafb.es\/wp-content\/uploads\/2025\/03\/Poster_Frame_on_the_Wall_Mockup_3-2048x1536.png 2048w\" sizes=\"auto, (max-width: 1024px) 100vw, 1024px\" \/><\/figure>\n<\/figure>\n","protected":false},"excerpt":{"rendered":"<p>El Dise\u00f1o Gr\u00e1fico me ayuda a entender lugares, materiales, momentos e ideas sin prejuicios, donde la creatividad, la tecnicidad, la sencillez, la sorpresa y la experimentaci\u00f3n se entrelazan. Me gusta pensar, entonces, en c\u00f3mo he organizado por colores los sabores de los helados que he llegado a vender, con el objetivo de despertar en el [&hellip;]<\/p>\n","protected":false},"author":1,"featured_media":275,"parent":16,"menu_order":0,"comment_status":"closed","ping_status":"closed","template":"","meta":{"footnotes":""},"class_list":["post-51","page","type-page","status-publish","has-post-thumbnail","hentry"],"yoast_head":"<!-- This site is optimized with the Yoast SEO plugin v27.3 - https:\/\/yoast.com\/product\/yoast-seo-wordpress\/ -->\n<title>Dise\u00f1o - Mai\u00e1 Fernandes Bueno<\/title>\n<meta name=\"robots\" content=\"index, follow, max-snippet:-1, max-image-preview:large, max-video-preview:-1\" \/>\n<link rel=\"canonical\" href=\"https:\/\/maiafb.es\/index.php\/projects\/diseno\/\" \/>\n<meta property=\"og:locale\" content=\"en_US\" \/>\n<meta property=\"og:type\" content=\"article\" \/>\n<meta property=\"og:title\" content=\"Dise\u00f1o - Mai\u00e1 Fernandes Bueno\" \/>\n<meta property=\"og:description\" content=\"El Dise\u00f1o Gr\u00e1fico me ayuda a entender lugares, materiales, momentos e ideas sin prejuicios, donde la creatividad, la tecnicidad, la sencillez, la sorpresa y la experimentaci\u00f3n se entrelazan. Me gusta pensar, entonces, en c\u00f3mo he organizado por colores los sabores de los helados que he llegado a vender, con el objetivo de despertar en el [&hellip;]\" \/>\n<meta property=\"og:url\" content=\"https:\/\/maiafb.es\/index.php\/projects\/diseno\/\" \/>\n<meta property=\"og:site_name\" content=\"Mai\u00e1 Fernandes Bueno\" \/>\n<meta property=\"article:modified_time\" content=\"2026-02-26T20:14:21+00:00\" \/>\n<meta property=\"og:image\" content=\"https:\/\/maiafb.es\/wp-content\/uploads\/2025\/03\/Poster_Frame_Mockup_1-copia-1-1024x768.png\" \/>\n\t<meta property=\"og:image:width\" content=\"1024\" \/>\n\t<meta property=\"og:image:height\" content=\"768\" \/>\n\t<meta property=\"og:image:type\" content=\"image\/png\" \/>\n<meta name=\"twitter:card\" content=\"summary_large_image\" \/>\n<meta name=\"twitter:label1\" content=\"Est. reading time\" \/>\n\t<meta name=\"twitter:data1\" content=\"3 minutes\" \/>\n<script type=\"application\/ld+json\" class=\"yoast-schema-graph\">{\"@context\":\"https:\\\/\\\/schema.org\",\"@graph\":[{\"@type\":\"WebPage\",\"@id\":\"https:\\\/\\\/maiafb.es\\\/index.php\\\/projects\\\/diseno\\\/\",\"url\":\"https:\\\/\\\/maiafb.es\\\/index.php\\\/projects\\\/diseno\\\/\",\"name\":\"Dise\u00f1o - Mai\u00e1 Fernandes Bueno\",\"isPartOf\":{\"@id\":\"https:\\\/\\\/maiafb.es\\\/#website\"},\"primaryImageOfPage\":{\"@id\":\"https:\\\/\\\/maiafb.es\\\/index.php\\\/projects\\\/diseno\\\/#primaryimage\"},\"image\":{\"@id\":\"https:\\\/\\\/maiafb.es\\\/index.php\\\/projects\\\/diseno\\\/#primaryimage\"},\"thumbnailUrl\":\"https:\\\/\\\/maiafb.es\\\/wp-content\\\/uploads\\\/2025\\\/03\\\/Poster_Frame_Mockup_1-copia-1.png\",\"datePublished\":\"2024-12-14T21:00:00+00:00\",\"dateModified\":\"2026-02-26T20:14:21+00:00\",\"breadcrumb\":{\"@id\":\"https:\\\/\\\/maiafb.es\\\/index.php\\\/projects\\\/diseno\\\/#breadcrumb\"},\"inLanguage\":\"en-US\",\"potentialAction\":[{\"@type\":\"ReadAction\",\"target\":[\"https:\\\/\\\/maiafb.es\\\/index.php\\\/projects\\\/diseno\\\/\"]}]},{\"@type\":\"ImageObject\",\"inLanguage\":\"en-US\",\"@id\":\"https:\\\/\\\/maiafb.es\\\/index.php\\\/projects\\\/diseno\\\/#primaryimage\",\"url\":\"https:\\\/\\\/maiafb.es\\\/wp-content\\\/uploads\\\/2025\\\/03\\\/Poster_Frame_Mockup_1-copia-1.png\",\"contentUrl\":\"https:\\\/\\\/maiafb.es\\\/wp-content\\\/uploads\\\/2025\\\/03\\\/Poster_Frame_Mockup_1-copia-1.png\",\"width\":2560,\"height\":1920},{\"@type\":\"BreadcrumbList\",\"@id\":\"https:\\\/\\\/maiafb.es\\\/index.php\\\/projects\\\/diseno\\\/#breadcrumb\",\"itemListElement\":[{\"@type\":\"ListItem\",\"position\":1,\"name\":\"Home\",\"item\":\"https:\\\/\\\/maiafb.es\\\/\"},{\"@type\":\"ListItem\",\"position\":2,\"name\":\"Proyectos\",\"item\":\"https:\\\/\\\/maiafb.es\\\/index.php\\\/projects\\\/\"},{\"@type\":\"ListItem\",\"position\":3,\"name\":\"Dise\u00f1o\"}]},{\"@type\":\"WebSite\",\"@id\":\"https:\\\/\\\/maiafb.es\\\/#website\",\"url\":\"https:\\\/\\\/maiafb.es\\\/\",\"name\":\"Mai\u00e1 Fernandes Bueno\",\"description\":\"Communication, Graphic Design and Fashion\",\"publisher\":{\"@id\":\"https:\\\/\\\/maiafb.es\\\/#\\\/schema\\\/person\\\/b4fafac3a5907f5504db1d08bb2b3fa7\"},\"potentialAction\":[{\"@type\":\"SearchAction\",\"target\":{\"@type\":\"EntryPoint\",\"urlTemplate\":\"https:\\\/\\\/maiafb.es\\\/?s={search_term_string}\"},\"query-input\":{\"@type\":\"PropertyValueSpecification\",\"valueRequired\":true,\"valueName\":\"search_term_string\"}}],\"inLanguage\":\"en-US\"},{\"@type\":[\"Person\",\"Organization\"],\"@id\":\"https:\\\/\\\/maiafb.es\\\/#\\\/schema\\\/person\\\/b4fafac3a5907f5504db1d08bb2b3fa7\",\"name\":\"Mai\u00e1 Fernandes Bueno\",\"image\":{\"@type\":\"ImageObject\",\"inLanguage\":\"en-US\",\"@id\":\"https:\\\/\\\/secure.gravatar.com\\\/avatar\\\/dc22500446f42d7d949dbe98a6621a201b02b5d8704d76de8c500dd3e0ae24f5?s=96&d=mm&r=g\",\"url\":\"https:\\\/\\\/secure.gravatar.com\\\/avatar\\\/dc22500446f42d7d949dbe98a6621a201b02b5d8704d76de8c500dd3e0ae24f5?s=96&d=mm&r=g\",\"contentUrl\":\"https:\\\/\\\/secure.gravatar.com\\\/avatar\\\/dc22500446f42d7d949dbe98a6621a201b02b5d8704d76de8c500dd3e0ae24f5?s=96&d=mm&r=g\",\"caption\":\"Mai\u00e1 Fernandes Bueno\"},\"logo\":{\"@id\":\"https:\\\/\\\/secure.gravatar.com\\\/avatar\\\/dc22500446f42d7d949dbe98a6621a201b02b5d8704d76de8c500dd3e0ae24f5?s=96&d=mm&r=g\"},\"sameAs\":[\"https:\\\/\\\/maiafb.es\\\/\",\"https:\\\/\\\/www.linkedin.com\\\/in\\\/mai-fernandes-bueno-06374a286\\\/\"]}]}<\/script>\n<!-- \/ Yoast SEO plugin. -->","yoast_head_json":{"title":"Dise\u00f1o - Mai\u00e1 Fernandes Bueno","robots":{"index":"index","follow":"follow","max-snippet":"max-snippet:-1","max-image-preview":"max-image-preview:large","max-video-preview":"max-video-preview:-1"},"canonical":"https:\/\/maiafb.es\/index.php\/projects\/diseno\/","og_locale":"en_US","og_type":"article","og_title":"Dise\u00f1o - Mai\u00e1 Fernandes Bueno","og_description":"El Dise\u00f1o Gr\u00e1fico me ayuda a entender lugares, materiales, momentos e ideas sin prejuicios, donde la creatividad, la tecnicidad, la sencillez, la sorpresa y la experimentaci\u00f3n se entrelazan. Me gusta pensar, entonces, en c\u00f3mo he organizado por colores los sabores de los helados que he llegado a vender, con el objetivo de despertar en el [&hellip;]","og_url":"https:\/\/maiafb.es\/index.php\/projects\/diseno\/","og_site_name":"Mai\u00e1 Fernandes Bueno","article_modified_time":"2026-02-26T20:14:21+00:00","og_image":[{"width":1024,"height":768,"url":"https:\/\/maiafb.es\/wp-content\/uploads\/2025\/03\/Poster_Frame_Mockup_1-copia-1-1024x768.png","type":"image\/png"}],"twitter_card":"summary_large_image","twitter_misc":{"Est. reading time":"3 minutes"},"schema":{"@context":"https:\/\/schema.org","@graph":[{"@type":"WebPage","@id":"https:\/\/maiafb.es\/index.php\/projects\/diseno\/","url":"https:\/\/maiafb.es\/index.php\/projects\/diseno\/","name":"Dise\u00f1o - Mai\u00e1 Fernandes Bueno","isPartOf":{"@id":"https:\/\/maiafb.es\/#website"},"primaryImageOfPage":{"@id":"https:\/\/maiafb.es\/index.php\/projects\/diseno\/#primaryimage"},"image":{"@id":"https:\/\/maiafb.es\/index.php\/projects\/diseno\/#primaryimage"},"thumbnailUrl":"https:\/\/maiafb.es\/wp-content\/uploads\/2025\/03\/Poster_Frame_Mockup_1-copia-1.png","datePublished":"2024-12-14T21:00:00+00:00","dateModified":"2026-02-26T20:14:21+00:00","breadcrumb":{"@id":"https:\/\/maiafb.es\/index.php\/projects\/diseno\/#breadcrumb"},"inLanguage":"en-US","potentialAction":[{"@type":"ReadAction","target":["https:\/\/maiafb.es\/index.php\/projects\/diseno\/"]}]},{"@type":"ImageObject","inLanguage":"en-US","@id":"https:\/\/maiafb.es\/index.php\/projects\/diseno\/#primaryimage","url":"https:\/\/maiafb.es\/wp-content\/uploads\/2025\/03\/Poster_Frame_Mockup_1-copia-1.png","contentUrl":"https:\/\/maiafb.es\/wp-content\/uploads\/2025\/03\/Poster_Frame_Mockup_1-copia-1.png","width":2560,"height":1920},{"@type":"BreadcrumbList","@id":"https:\/\/maiafb.es\/index.php\/projects\/diseno\/#breadcrumb","itemListElement":[{"@type":"ListItem","position":1,"name":"Home","item":"https:\/\/maiafb.es\/"},{"@type":"ListItem","position":2,"name":"Proyectos","item":"https:\/\/maiafb.es\/index.php\/projects\/"},{"@type":"ListItem","position":3,"name":"Dise\u00f1o"}]},{"@type":"WebSite","@id":"https:\/\/maiafb.es\/#website","url":"https:\/\/maiafb.es\/","name":"Mai\u00e1 Fernandes Bueno","description":"Communication, Graphic Design and Fashion","publisher":{"@id":"https:\/\/maiafb.es\/#\/schema\/person\/b4fafac3a5907f5504db1d08bb2b3fa7"},"potentialAction":[{"@type":"SearchAction","target":{"@type":"EntryPoint","urlTemplate":"https:\/\/maiafb.es\/?s={search_term_string}"},"query-input":{"@type":"PropertyValueSpecification","valueRequired":true,"valueName":"search_term_string"}}],"inLanguage":"en-US"},{"@type":["Person","Organization"],"@id":"https:\/\/maiafb.es\/#\/schema\/person\/b4fafac3a5907f5504db1d08bb2b3fa7","name":"Mai\u00e1 Fernandes Bueno","image":{"@type":"ImageObject","inLanguage":"en-US","@id":"https:\/\/secure.gravatar.com\/avatar\/dc22500446f42d7d949dbe98a6621a201b02b5d8704d76de8c500dd3e0ae24f5?s=96&d=mm&r=g","url":"https:\/\/secure.gravatar.com\/avatar\/dc22500446f42d7d949dbe98a6621a201b02b5d8704d76de8c500dd3e0ae24f5?s=96&d=mm&r=g","contentUrl":"https:\/\/secure.gravatar.com\/avatar\/dc22500446f42d7d949dbe98a6621a201b02b5d8704d76de8c500dd3e0ae24f5?s=96&d=mm&r=g","caption":"Mai\u00e1 Fernandes Bueno"},"logo":{"@id":"https:\/\/secure.gravatar.com\/avatar\/dc22500446f42d7d949dbe98a6621a201b02b5d8704d76de8c500dd3e0ae24f5?s=96&d=mm&r=g"},"sameAs":["https:\/\/maiafb.es\/","https:\/\/www.linkedin.com\/in\/mai-fernandes-bueno-06374a286\/"]}]}},"_links":{"self":[{"href":"https:\/\/maiafb.es\/index.php\/wp-json\/wp\/v2\/pages\/51","targetHints":{"allow":["GET"]}}],"collection":[{"href":"https:\/\/maiafb.es\/index.php\/wp-json\/wp\/v2\/pages"}],"about":[{"href":"https:\/\/maiafb.es\/index.php\/wp-json\/wp\/v2\/types\/page"}],"author":[{"embeddable":true,"href":"https:\/\/maiafb.es\/index.php\/wp-json\/wp\/v2\/users\/1"}],"replies":[{"embeddable":true,"href":"https:\/\/maiafb.es\/index.php\/wp-json\/wp\/v2\/comments?post=51"}],"version-history":[{"count":21,"href":"https:\/\/maiafb.es\/index.php\/wp-json\/wp\/v2\/pages\/51\/revisions"}],"predecessor-version":[{"id":401,"href":"https:\/\/maiafb.es\/index.php\/wp-json\/wp\/v2\/pages\/51\/revisions\/401"}],"up":[{"embeddable":true,"href":"https:\/\/maiafb.es\/index.php\/wp-json\/wp\/v2\/pages\/16"}],"wp:featuredmedia":[{"embeddable":true,"href":"https:\/\/maiafb.es\/index.php\/wp-json\/wp\/v2\/media\/275"}],"wp:attachment":[{"href":"https:\/\/maiafb.es\/index.php\/wp-json\/wp\/v2\/media?parent=51"}],"curies":[{"name":"wp","href":"https:\/\/api.w.org\/{rel}","templated":true}]}}