{"id":49,"date":"2024-12-14T22:05:17","date_gmt":"2024-12-14T21:05:17","guid":{"rendered":"https:\/\/torrenigma.com\/maia\/?page_id=49"},"modified":"2025-03-16T18:38:03","modified_gmt":"2025-03-16T17:38:03","slug":"fotografia","status":"publish","type":"page","link":"https:\/\/maiafb.es\/index.php\/projects\/fotografia\/","title":{"rendered":"Fotograf\u00eda"},"content":{"rendered":"\n<p>Entre los proyectos fotogr\u00e1ficos que he realizado hasta la fecha, destaco el encargo de la comisaria de arte Julia Moreno, enfocado en fotografiar la obra del artista Pocho Guimaraes. En el \u00e1mbito del fotoperiodismo, he trabajado en el sur de Angola gracias al Instituto de Estudios Sociales del Mediterr\u00e1neo, \u00c1frica y Latinoam\u00e9rica (IESMALA). Algunas de estas fotograf\u00edas han sido publicadas en diversos medios, pero aqu\u00ed comparto mi propia narrativa detr\u00e1s de la c\u00e1mara, enfoc\u00e1ndome en los paisajes que me hablan.<\/p>\n\n\n\n<blockquote class=\"wp-block-quote is-layout-flow wp-block-quote-is-layout-flow\">\n<p><em>En la fotograf\u00eda no s\u00f3lo se captura una imagen, sino tambi\u00e9n una emoci\u00f3n, una historia y una experiencia.<\/em><\/p>\n\n\n\n<p class=\"has-text-align-right\">\u2500Annie Leibovitz<\/p>\n<\/blockquote>\n\n\n\n<p><a href=\"https:\/\/www.m-arteyculturavisual.com\/2025\/01\/31\/angola-nos-sostuvo-entrevista-a-maia-fernandes\/\">ANGOLA NOS SOSTUVO. ENTREVISTA A MAI\u00c1 FERNANDES &#8211; M-Arte y Cultura Visual<\/a><\/p>\n\n\n\n<p><a href=\"https:\/\/www.radioafricamagazine.com\/tejiendo-lineas-viaje-lo-invisible\/\" target=\"_blank\" rel=\"noreferrer noopener\">Tejiendo l\u00edneas de viaje en lo invisible &#8211; Radio Africa Magazine<\/a><\/p>\n\n\n\n<hr class=\"wp-block-separator has-alpha-channel-opacity\"\/>\n\n\n\n<figure class=\"wp-block-gallery has-nested-images columns-default is-cropped wp-block-gallery-1 is-layout-flex wp-block-gallery-is-layout-flex\">\n<figure class=\"wp-block-image size-large\"><img loading=\"lazy\" decoding=\"async\" width=\"768\" height=\"1024\" data-id=\"114\" src=\"https:\/\/maiafb.es\/wp-content\/uploads\/2025\/02\/1_SUITE-MAIA-FERNANDES.-2025-768x1024.jpeg\" alt=\"\" class=\"wp-image-114\" srcset=\"https:\/\/maiafb.es\/wp-content\/uploads\/2025\/02\/1_SUITE-MAIA-FERNANDES.-2025-768x1024.jpeg 768w, https:\/\/maiafb.es\/wp-content\/uploads\/2025\/02\/1_SUITE-MAIA-FERNANDES.-2025-225x300.jpeg 225w, https:\/\/maiafb.es\/wp-content\/uploads\/2025\/02\/1_SUITE-MAIA-FERNANDES.-2025-rotated.jpeg 1080w\" sizes=\"auto, (max-width: 768px) 100vw, 768px\" \/><\/figure>\n\n\n\n<figure class=\"wp-block-image size-large\"><img loading=\"lazy\" decoding=\"async\" width=\"768\" height=\"1024\" data-id=\"115\" src=\"https:\/\/maiafb.es\/wp-content\/uploads\/2025\/02\/2_SUITE-MAIA-FERNANDES.-2025-1-768x1024.jpeg\" alt=\"\" class=\"wp-image-115\" srcset=\"https:\/\/maiafb.es\/wp-content\/uploads\/2025\/02\/2_SUITE-MAIA-FERNANDES.-2025-1-768x1024.jpeg 768w, https:\/\/maiafb.es\/wp-content\/uploads\/2025\/02\/2_SUITE-MAIA-FERNANDES.-2025-1-225x300.jpeg 225w, https:\/\/maiafb.es\/wp-content\/uploads\/2025\/02\/2_SUITE-MAIA-FERNANDES.-2025-1-rotated.jpeg 1080w\" sizes=\"auto, (max-width: 768px) 100vw, 768px\" \/><\/figure>\n\n\n\n<figure class=\"wp-block-image size-large\"><img loading=\"lazy\" decoding=\"async\" width=\"768\" height=\"1024\" data-id=\"116\" src=\"https:\/\/maiafb.es\/wp-content\/uploads\/2025\/02\/3_3-SUITE-MAIA-FERNANDES.-2025-768x1024.jpeg\" alt=\"\" class=\"wp-image-116\" srcset=\"https:\/\/maiafb.es\/wp-content\/uploads\/2025\/02\/3_3-SUITE-MAIA-FERNANDES.-2025-768x1024.jpeg 768w, https:\/\/maiafb.es\/wp-content\/uploads\/2025\/02\/3_3-SUITE-MAIA-FERNANDES.-2025-225x300.jpeg 225w, https:\/\/maiafb.es\/wp-content\/uploads\/2025\/02\/3_3-SUITE-MAIA-FERNANDES.-2025-rotated.jpeg 1080w\" sizes=\"auto, (max-width: 768px) 100vw, 768px\" \/><\/figure>\n\n\n\n<figure class=\"wp-block-image size-large\"><img loading=\"lazy\" decoding=\"async\" width=\"768\" height=\"1024\" data-id=\"117\" src=\"https:\/\/maiafb.es\/wp-content\/uploads\/2025\/02\/3_4-SUITE-MAIA-FERNANDES.-2025-768x1024.jpeg\" alt=\"\" class=\"wp-image-117\" srcset=\"https:\/\/maiafb.es\/wp-content\/uploads\/2025\/02\/3_4-SUITE-MAIA-FERNANDES.-2025-768x1024.jpeg 768w, https:\/\/maiafb.es\/wp-content\/uploads\/2025\/02\/3_4-SUITE-MAIA-FERNANDES.-2025-225x300.jpeg 225w, https:\/\/maiafb.es\/wp-content\/uploads\/2025\/02\/3_4-SUITE-MAIA-FERNANDES.-2025-rotated.jpeg 1080w\" sizes=\"auto, (max-width: 768px) 100vw, 768px\" \/><\/figure>\n\n\n\n<figure class=\"wp-block-image size-large\"><img loading=\"lazy\" decoding=\"async\" width=\"768\" height=\"1024\" data-id=\"118\" src=\"https:\/\/maiafb.es\/wp-content\/uploads\/2025\/02\/3_SUITE-MAIA-FERNANDES.-2025-768x1024.jpeg\" alt=\"\" class=\"wp-image-118\" srcset=\"https:\/\/maiafb.es\/wp-content\/uploads\/2025\/02\/3_SUITE-MAIA-FERNANDES.-2025-768x1024.jpeg 768w, https:\/\/maiafb.es\/wp-content\/uploads\/2025\/02\/3_SUITE-MAIA-FERNANDES.-2025-225x300.jpeg 225w, https:\/\/maiafb.es\/wp-content\/uploads\/2025\/02\/3_SUITE-MAIA-FERNANDES.-2025-rotated.jpeg 1080w\" sizes=\"auto, (max-width: 768px) 100vw, 768px\" \/><\/figure>\n\n\n\n<figure class=\"wp-block-image size-large\"><img loading=\"lazy\" decoding=\"async\" width=\"768\" height=\"1024\" data-id=\"119\" src=\"https:\/\/maiafb.es\/wp-content\/uploads\/2025\/02\/4_SUITE-MAIA-FERNANDES.-2025-768x1024.jpeg\" alt=\"\" class=\"wp-image-119\" srcset=\"https:\/\/maiafb.es\/wp-content\/uploads\/2025\/02\/4_SUITE-MAIA-FERNANDES.-2025-768x1024.jpeg 768w, https:\/\/maiafb.es\/wp-content\/uploads\/2025\/02\/4_SUITE-MAIA-FERNANDES.-2025-225x300.jpeg 225w, https:\/\/maiafb.es\/wp-content\/uploads\/2025\/02\/4_SUITE-MAIA-FERNANDES.-2025-rotated.jpeg 1080w\" sizes=\"auto, (max-width: 768px) 100vw, 768px\" \/><\/figure>\n\n\n\n<figure class=\"wp-block-image size-large\"><img loading=\"lazy\" decoding=\"async\" width=\"768\" height=\"1024\" data-id=\"120\" src=\"https:\/\/maiafb.es\/wp-content\/uploads\/2025\/02\/5_SUITE-MAIA-FERNANDES.-2025-1-768x1024.jpeg\" alt=\"\" class=\"wp-image-120\" srcset=\"https:\/\/maiafb.es\/wp-content\/uploads\/2025\/02\/5_SUITE-MAIA-FERNANDES.-2025-1-768x1024.jpeg 768w, https:\/\/maiafb.es\/wp-content\/uploads\/2025\/02\/5_SUITE-MAIA-FERNANDES.-2025-1-225x300.jpeg 225w, https:\/\/maiafb.es\/wp-content\/uploads\/2025\/02\/5_SUITE-MAIA-FERNANDES.-2025-1-rotated.jpeg 1080w\" sizes=\"auto, (max-width: 768px) 100vw, 768px\" \/><\/figure>\n\n\n\n<figure class=\"wp-block-image size-large\"><img loading=\"lazy\" decoding=\"async\" width=\"768\" height=\"1024\" data-id=\"121\" src=\"https:\/\/maiafb.es\/wp-content\/uploads\/2025\/02\/6_SUITE-MAIA-FERNANDES.-2025-768x1024.jpeg\" alt=\"\" class=\"wp-image-121\" srcset=\"https:\/\/maiafb.es\/wp-content\/uploads\/2025\/02\/6_SUITE-MAIA-FERNANDES.-2025-768x1024.jpeg 768w, https:\/\/maiafb.es\/wp-content\/uploads\/2025\/02\/6_SUITE-MAIA-FERNANDES.-2025-225x300.jpeg 225w, https:\/\/maiafb.es\/wp-content\/uploads\/2025\/02\/6_SUITE-MAIA-FERNANDES.-2025-rotated.jpeg 1080w\" sizes=\"auto, (max-width: 768px) 100vw, 768px\" \/><\/figure>\n\n\n\n<figure class=\"wp-block-image size-large\"><img loading=\"lazy\" decoding=\"async\" width=\"768\" height=\"1024\" data-id=\"122\" src=\"https:\/\/maiafb.es\/wp-content\/uploads\/2025\/02\/IMG_3111-768x1024.jpeg\" alt=\"\" class=\"wp-image-122\" srcset=\"https:\/\/maiafb.es\/wp-content\/uploads\/2025\/02\/IMG_3111-768x1024.jpeg 768w, https:\/\/maiafb.es\/wp-content\/uploads\/2025\/02\/IMG_3111-225x300.jpeg 225w, https:\/\/maiafb.es\/wp-content\/uploads\/2025\/02\/IMG_3111-rotated.jpeg 1080w\" sizes=\"auto, (max-width: 768px) 100vw, 768px\" \/><\/figure>\n\n\n\n<figure class=\"wp-block-image size-large\"><img loading=\"lazy\" decoding=\"async\" width=\"768\" height=\"1024\" data-id=\"123\" src=\"https:\/\/maiafb.es\/wp-content\/uploads\/2025\/02\/IMG_3116-768x1024.jpeg\" alt=\"\" class=\"wp-image-123\" srcset=\"https:\/\/maiafb.es\/wp-content\/uploads\/2025\/02\/IMG_3116-768x1024.jpeg 768w, https:\/\/maiafb.es\/wp-content\/uploads\/2025\/02\/IMG_3116-225x300.jpeg 225w, https:\/\/maiafb.es\/wp-content\/uploads\/2025\/02\/IMG_3116-rotated.jpeg 1080w\" sizes=\"auto, (max-width: 768px) 100vw, 768px\" \/><\/figure>\n\n\n\n<figure class=\"wp-block-image size-large\"><img loading=\"lazy\" decoding=\"async\" width=\"768\" height=\"1024\" data-id=\"124\" src=\"https:\/\/maiafb.es\/wp-content\/uploads\/2025\/02\/IMG_3119-768x1024.jpeg\" alt=\"\" class=\"wp-image-124\" srcset=\"https:\/\/maiafb.es\/wp-content\/uploads\/2025\/02\/IMG_3119-768x1024.jpeg 768w, https:\/\/maiafb.es\/wp-content\/uploads\/2025\/02\/IMG_3119-225x300.jpeg 225w, https:\/\/maiafb.es\/wp-content\/uploads\/2025\/02\/IMG_3119-rotated.jpeg 1080w\" sizes=\"auto, (max-width: 768px) 100vw, 768px\" \/><\/figure>\n\n\n\n<figure class=\"wp-block-image size-large\"><img loading=\"lazy\" decoding=\"async\" width=\"768\" height=\"1024\" data-id=\"113\" src=\"https:\/\/maiafb.es\/wp-content\/uploads\/2025\/02\/IMG_3398-768x1024.jpeg\" alt=\"\" class=\"wp-image-113\" srcset=\"https:\/\/maiafb.es\/wp-content\/uploads\/2025\/02\/IMG_3398-768x1024.jpeg 768w, https:\/\/maiafb.es\/wp-content\/uploads\/2025\/02\/IMG_3398-225x300.jpeg 225w, https:\/\/maiafb.es\/wp-content\/uploads\/2025\/02\/IMG_3398-rotated.jpeg 1080w\" sizes=\"auto, (max-width: 768px) 100vw, 768px\" \/><\/figure>\n<\/figure>\n","protected":false},"excerpt":{"rendered":"<p>Entre los proyectos fotogr\u00e1ficos que he realizado hasta la fecha, destaco el encargo de la comisaria de arte Julia Moreno, enfocado en fotografiar la obra del artista Pocho Guimaraes. En el \u00e1mbito del fotoperiodismo, he trabajado en el sur de Angola gracias al Instituto de Estudios Sociales del Mediterr\u00e1neo, \u00c1frica y Latinoam\u00e9rica (IESMALA). Algunas de [&hellip;]<\/p>\n","protected":false},"author":1,"featured_media":119,"parent":16,"menu_order":3,"comment_status":"closed","ping_status":"closed","template":"","meta":{"footnotes":""},"class_list":["post-49","page","type-page","status-publish","has-post-thumbnail","hentry"],"yoast_head":"<!-- This site is optimized with the Yoast SEO plugin v27.3 - https:\/\/yoast.com\/product\/yoast-seo-wordpress\/ -->\n<title>Fotograf\u00eda - Mai\u00e1 Fernandes Bueno<\/title>\n<meta name=\"robots\" content=\"index, follow, max-snippet:-1, max-image-preview:large, max-video-preview:-1\" \/>\n<link rel=\"canonical\" href=\"https:\/\/maiafb.es\/index.php\/projects\/fotografia\/\" \/>\n<meta property=\"og:locale\" content=\"en_US\" \/>\n<meta property=\"og:type\" content=\"article\" \/>\n<meta property=\"og:title\" content=\"Fotograf\u00eda - Mai\u00e1 Fernandes Bueno\" \/>\n<meta property=\"og:description\" content=\"Entre los proyectos fotogr\u00e1ficos que he realizado hasta la fecha, destaco el encargo de la comisaria de arte Julia Moreno, enfocado en fotografiar la obra del artista Pocho Guimaraes. En el \u00e1mbito del fotoperiodismo, he trabajado en el sur de Angola gracias al Instituto de Estudios Sociales del Mediterr\u00e1neo, \u00c1frica y Latinoam\u00e9rica (IESMALA). Algunas de [&hellip;]\" \/>\n<meta property=\"og:url\" content=\"https:\/\/maiafb.es\/index.php\/projects\/fotografia\/\" \/>\n<meta property=\"og:site_name\" content=\"Mai\u00e1 Fernandes Bueno\" \/>\n<meta property=\"article:modified_time\" content=\"2025-03-16T17:38:03+00:00\" \/>\n<meta property=\"og:image\" content=\"https:\/\/maiafb.es\/wp-content\/uploads\/2025\/02\/4_SUITE-MAIA-FERNANDES.-2025-rotated.jpeg\" \/>\n\t<meta property=\"og:image:width\" content=\"1080\" \/>\n\t<meta property=\"og:image:height\" content=\"1440\" \/>\n\t<meta property=\"og:image:type\" content=\"image\/jpeg\" \/>\n<meta name=\"twitter:card\" content=\"summary_large_image\" \/>\n<meta name=\"twitter:label1\" content=\"Est. reading time\" \/>\n\t<meta name=\"twitter:data1\" content=\"4 minutes\" \/>\n<script type=\"application\/ld+json\" class=\"yoast-schema-graph\">{\"@context\":\"https:\\\/\\\/schema.org\",\"@graph\":[{\"@type\":\"WebPage\",\"@id\":\"https:\\\/\\\/maiafb.es\\\/index.php\\\/projects\\\/fotografia\\\/\",\"url\":\"https:\\\/\\\/maiafb.es\\\/index.php\\\/projects\\\/fotografia\\\/\",\"name\":\"Fotograf\u00eda - Mai\u00e1 Fernandes Bueno\",\"isPartOf\":{\"@id\":\"https:\\\/\\\/maiafb.es\\\/#website\"},\"primaryImageOfPage\":{\"@id\":\"https:\\\/\\\/maiafb.es\\\/index.php\\\/projects\\\/fotografia\\\/#primaryimage\"},\"image\":{\"@id\":\"https:\\\/\\\/maiafb.es\\\/index.php\\\/projects\\\/fotografia\\\/#primaryimage\"},\"thumbnailUrl\":\"https:\\\/\\\/maiafb.es\\\/wp-content\\\/uploads\\\/2025\\\/02\\\/4_SUITE-MAIA-FERNANDES.-2025-rotated.jpeg\",\"datePublished\":\"2024-12-14T21:05:17+00:00\",\"dateModified\":\"2025-03-16T17:38:03+00:00\",\"breadcrumb\":{\"@id\":\"https:\\\/\\\/maiafb.es\\\/index.php\\\/projects\\\/fotografia\\\/#breadcrumb\"},\"inLanguage\":\"en-US\",\"potentialAction\":[{\"@type\":\"ReadAction\",\"target\":[\"https:\\\/\\\/maiafb.es\\\/index.php\\\/projects\\\/fotografia\\\/\"]}]},{\"@type\":\"ImageObject\",\"inLanguage\":\"en-US\",\"@id\":\"https:\\\/\\\/maiafb.es\\\/index.php\\\/projects\\\/fotografia\\\/#primaryimage\",\"url\":\"https:\\\/\\\/maiafb.es\\\/wp-content\\\/uploads\\\/2025\\\/02\\\/4_SUITE-MAIA-FERNANDES.-2025-rotated.jpeg\",\"contentUrl\":\"https:\\\/\\\/maiafb.es\\\/wp-content\\\/uploads\\\/2025\\\/02\\\/4_SUITE-MAIA-FERNANDES.-2025-rotated.jpeg\",\"width\":1080,\"height\":1440},{\"@type\":\"BreadcrumbList\",\"@id\":\"https:\\\/\\\/maiafb.es\\\/index.php\\\/projects\\\/fotografia\\\/#breadcrumb\",\"itemListElement\":[{\"@type\":\"ListItem\",\"position\":1,\"name\":\"Home\",\"item\":\"https:\\\/\\\/maiafb.es\\\/\"},{\"@type\":\"ListItem\",\"position\":2,\"name\":\"Proyectos\",\"item\":\"https:\\\/\\\/maiafb.es\\\/index.php\\\/projects\\\/\"},{\"@type\":\"ListItem\",\"position\":3,\"name\":\"Fotograf\u00eda\"}]},{\"@type\":\"WebSite\",\"@id\":\"https:\\\/\\\/maiafb.es\\\/#website\",\"url\":\"https:\\\/\\\/maiafb.es\\\/\",\"name\":\"Mai\u00e1 Fernandes Bueno\",\"description\":\"Communication, Graphic Design and Fashion\",\"publisher\":{\"@id\":\"https:\\\/\\\/maiafb.es\\\/#\\\/schema\\\/person\\\/b4fafac3a5907f5504db1d08bb2b3fa7\"},\"potentialAction\":[{\"@type\":\"SearchAction\",\"target\":{\"@type\":\"EntryPoint\",\"urlTemplate\":\"https:\\\/\\\/maiafb.es\\\/?s={search_term_string}\"},\"query-input\":{\"@type\":\"PropertyValueSpecification\",\"valueRequired\":true,\"valueName\":\"search_term_string\"}}],\"inLanguage\":\"en-US\"},{\"@type\":[\"Person\",\"Organization\"],\"@id\":\"https:\\\/\\\/maiafb.es\\\/#\\\/schema\\\/person\\\/b4fafac3a5907f5504db1d08bb2b3fa7\",\"name\":\"Mai\u00e1 Fernandes Bueno\",\"image\":{\"@type\":\"ImageObject\",\"inLanguage\":\"en-US\",\"@id\":\"https:\\\/\\\/secure.gravatar.com\\\/avatar\\\/dc22500446f42d7d949dbe98a6621a201b02b5d8704d76de8c500dd3e0ae24f5?s=96&d=mm&r=g\",\"url\":\"https:\\\/\\\/secure.gravatar.com\\\/avatar\\\/dc22500446f42d7d949dbe98a6621a201b02b5d8704d76de8c500dd3e0ae24f5?s=96&d=mm&r=g\",\"contentUrl\":\"https:\\\/\\\/secure.gravatar.com\\\/avatar\\\/dc22500446f42d7d949dbe98a6621a201b02b5d8704d76de8c500dd3e0ae24f5?s=96&d=mm&r=g\",\"caption\":\"Mai\u00e1 Fernandes Bueno\"},\"logo\":{\"@id\":\"https:\\\/\\\/secure.gravatar.com\\\/avatar\\\/dc22500446f42d7d949dbe98a6621a201b02b5d8704d76de8c500dd3e0ae24f5?s=96&d=mm&r=g\"},\"sameAs\":[\"https:\\\/\\\/maiafb.es\\\/\",\"https:\\\/\\\/www.linkedin.com\\\/in\\\/mai-fernandes-bueno-06374a286\\\/\"]}]}<\/script>\n<!-- \/ Yoast SEO plugin. -->","yoast_head_json":{"title":"Fotograf\u00eda - Mai\u00e1 Fernandes Bueno","robots":{"index":"index","follow":"follow","max-snippet":"max-snippet:-1","max-image-preview":"max-image-preview:large","max-video-preview":"max-video-preview:-1"},"canonical":"https:\/\/maiafb.es\/index.php\/projects\/fotografia\/","og_locale":"en_US","og_type":"article","og_title":"Fotograf\u00eda - Mai\u00e1 Fernandes Bueno","og_description":"Entre los proyectos fotogr\u00e1ficos que he realizado hasta la fecha, destaco el encargo de la comisaria de arte Julia Moreno, enfocado en fotografiar la obra del artista Pocho Guimaraes. En el \u00e1mbito del fotoperiodismo, he trabajado en el sur de Angola gracias al Instituto de Estudios Sociales del Mediterr\u00e1neo, \u00c1frica y Latinoam\u00e9rica (IESMALA). Algunas de [&hellip;]","og_url":"https:\/\/maiafb.es\/index.php\/projects\/fotografia\/","og_site_name":"Mai\u00e1 Fernandes Bueno","article_modified_time":"2025-03-16T17:38:03+00:00","og_image":[{"width":1080,"height":1440,"url":"https:\/\/maiafb.es\/wp-content\/uploads\/2025\/02\/4_SUITE-MAIA-FERNANDES.-2025-rotated.jpeg","type":"image\/jpeg"}],"twitter_card":"summary_large_image","twitter_misc":{"Est. reading time":"4 minutes"},"schema":{"@context":"https:\/\/schema.org","@graph":[{"@type":"WebPage","@id":"https:\/\/maiafb.es\/index.php\/projects\/fotografia\/","url":"https:\/\/maiafb.es\/index.php\/projects\/fotografia\/","name":"Fotograf\u00eda - Mai\u00e1 Fernandes Bueno","isPartOf":{"@id":"https:\/\/maiafb.es\/#website"},"primaryImageOfPage":{"@id":"https:\/\/maiafb.es\/index.php\/projects\/fotografia\/#primaryimage"},"image":{"@id":"https:\/\/maiafb.es\/index.php\/projects\/fotografia\/#primaryimage"},"thumbnailUrl":"https:\/\/maiafb.es\/wp-content\/uploads\/2025\/02\/4_SUITE-MAIA-FERNANDES.-2025-rotated.jpeg","datePublished":"2024-12-14T21:05:17+00:00","dateModified":"2025-03-16T17:38:03+00:00","breadcrumb":{"@id":"https:\/\/maiafb.es\/index.php\/projects\/fotografia\/#breadcrumb"},"inLanguage":"en-US","potentialAction":[{"@type":"ReadAction","target":["https:\/\/maiafb.es\/index.php\/projects\/fotografia\/"]}]},{"@type":"ImageObject","inLanguage":"en-US","@id":"https:\/\/maiafb.es\/index.php\/projects\/fotografia\/#primaryimage","url":"https:\/\/maiafb.es\/wp-content\/uploads\/2025\/02\/4_SUITE-MAIA-FERNANDES.-2025-rotated.jpeg","contentUrl":"https:\/\/maiafb.es\/wp-content\/uploads\/2025\/02\/4_SUITE-MAIA-FERNANDES.-2025-rotated.jpeg","width":1080,"height":1440},{"@type":"BreadcrumbList","@id":"https:\/\/maiafb.es\/index.php\/projects\/fotografia\/#breadcrumb","itemListElement":[{"@type":"ListItem","position":1,"name":"Home","item":"https:\/\/maiafb.es\/"},{"@type":"ListItem","position":2,"name":"Proyectos","item":"https:\/\/maiafb.es\/index.php\/projects\/"},{"@type":"ListItem","position":3,"name":"Fotograf\u00eda"}]},{"@type":"WebSite","@id":"https:\/\/maiafb.es\/#website","url":"https:\/\/maiafb.es\/","name":"Mai\u00e1 Fernandes Bueno","description":"Communication, Graphic Design and Fashion","publisher":{"@id":"https:\/\/maiafb.es\/#\/schema\/person\/b4fafac3a5907f5504db1d08bb2b3fa7"},"potentialAction":[{"@type":"SearchAction","target":{"@type":"EntryPoint","urlTemplate":"https:\/\/maiafb.es\/?s={search_term_string}"},"query-input":{"@type":"PropertyValueSpecification","valueRequired":true,"valueName":"search_term_string"}}],"inLanguage":"en-US"},{"@type":["Person","Organization"],"@id":"https:\/\/maiafb.es\/#\/schema\/person\/b4fafac3a5907f5504db1d08bb2b3fa7","name":"Mai\u00e1 Fernandes Bueno","image":{"@type":"ImageObject","inLanguage":"en-US","@id":"https:\/\/secure.gravatar.com\/avatar\/dc22500446f42d7d949dbe98a6621a201b02b5d8704d76de8c500dd3e0ae24f5?s=96&d=mm&r=g","url":"https:\/\/secure.gravatar.com\/avatar\/dc22500446f42d7d949dbe98a6621a201b02b5d8704d76de8c500dd3e0ae24f5?s=96&d=mm&r=g","contentUrl":"https:\/\/secure.gravatar.com\/avatar\/dc22500446f42d7d949dbe98a6621a201b02b5d8704d76de8c500dd3e0ae24f5?s=96&d=mm&r=g","caption":"Mai\u00e1 Fernandes Bueno"},"logo":{"@id":"https:\/\/secure.gravatar.com\/avatar\/dc22500446f42d7d949dbe98a6621a201b02b5d8704d76de8c500dd3e0ae24f5?s=96&d=mm&r=g"},"sameAs":["https:\/\/maiafb.es\/","https:\/\/www.linkedin.com\/in\/mai-fernandes-bueno-06374a286\/"]}]}},"_links":{"self":[{"href":"https:\/\/maiafb.es\/index.php\/wp-json\/wp\/v2\/pages\/49","targetHints":{"allow":["GET"]}}],"collection":[{"href":"https:\/\/maiafb.es\/index.php\/wp-json\/wp\/v2\/pages"}],"about":[{"href":"https:\/\/maiafb.es\/index.php\/wp-json\/wp\/v2\/types\/page"}],"author":[{"embeddable":true,"href":"https:\/\/maiafb.es\/index.php\/wp-json\/wp\/v2\/users\/1"}],"replies":[{"embeddable":true,"href":"https:\/\/maiafb.es\/index.php\/wp-json\/wp\/v2\/comments?post=49"}],"version-history":[{"count":13,"href":"https:\/\/maiafb.es\/index.php\/wp-json\/wp\/v2\/pages\/49\/revisions"}],"predecessor-version":[{"id":302,"href":"https:\/\/maiafb.es\/index.php\/wp-json\/wp\/v2\/pages\/49\/revisions\/302"}],"up":[{"embeddable":true,"href":"https:\/\/maiafb.es\/index.php\/wp-json\/wp\/v2\/pages\/16"}],"wp:featuredmedia":[{"embeddable":true,"href":"https:\/\/maiafb.es\/index.php\/wp-json\/wp\/v2\/media\/119"}],"wp:attachment":[{"href":"https:\/\/maiafb.es\/index.php\/wp-json\/wp\/v2\/media?parent=49"}],"curies":[{"name":"wp","href":"https:\/\/api.w.org\/{rel}","templated":true}]}}