{"id":46,"date":"2024-12-14T22:02:00","date_gmt":"2024-12-14T21:02:00","guid":{"rendered":"https:\/\/torrenigma.com\/maia\/?page_id=46"},"modified":"2025-03-16T18:37:05","modified_gmt":"2025-03-16T17:37:05","slug":"periodismo","status":"publish","type":"page","link":"https:\/\/maiafb.es\/index.php\/projects\/periodismo\/","title":{"rendered":"Periodismo"},"content":{"rendered":"\n<p>Actualmente, desarrollo labores de periodismo y comunicaci\u00f3n para ADJOAA, una plataforma que a\u00fana dise\u00f1o y moda africana sostenible en un contexto internacional. Anteriormente, trabaj\u00e9 como periodista para la Diputaci\u00f3n de M\u00e1laga y como comunicadora biling\u00fce\/ayudante de artistas para Afr\u00f3polis en Marsella. Tambi\u00e9n he realizado tareas de difusi\u00f3n para la plataforma audiovisual francesa TV5MONDEplus y he escrito art\u00edculos para Radio \u00c1frica Magazine (Barcelona).<\/p>\n\n\n\n<p>ADJOAA. <a href=\"https:\/\/www.adjoaa.com\/en-es\">Online Shopping for Sustainable Fashion by African Designers<\/a><\/p>\n\n\n\n<p>DIPUTACI\u00d3N. <a href=\"https:\/\/latermicamalaga.com\/\">La T\u00e9rmica | M\u00e1laga<\/a><\/p>\n\n\n\n<p>AFR\u00d3POLIS. <a href=\"https:\/\/www.africanews.com\/2022\/07\/04\/afropolis-collective-highlights-the-diversity-of-african-dance\/\">Afropolis collective highlights the diversity of African dance | Africanews<\/a><\/p>\n\n\n\n<p>TV5MONDEplus. <a href=\"https:\/\/www.m-arteyculturavisual.com\/2022\/06\/16\/referentes-africanos-en-el-ambito-audiovisual-tv5mondeplus\/\">REFERENTES AFRICANOS EN EL \u00c1MBITO AUDIOVISUAL: TV5MONDEplus<\/a><\/p>\n\n\n\n<p>RADIO \u00c1FRICA. <a href=\"https:\/\/www.radioafricamagazine.com\/como-ser-negra-no-morir-en-el-intento-1\/\">C\u00f3mo ser negra (por ejemplo) y no morir en el intento (I)<\/a><\/p>\n\n\n\n<p>RADIO \u00c1FRICA. <a href=\"https:\/\/www.radioafricamagazine.com\/como-ser-negra-por-ejemplo-no-morir-intento-2\/\">C\u00f3mo ser negra (por ejemplo) y no morir en el intento (II) &#8211; Radio \u00c1frica Magazine<\/a><\/p>\n\n\n\n<hr class=\"wp-block-separator has-alpha-channel-opacity\"\/>\n\n\n\n<figure class=\"wp-block-gallery has-nested-images columns-default is-cropped wp-block-gallery-1 is-layout-flex wp-block-gallery-is-layout-flex\">\n<figure class=\"wp-block-image size-large\"><img loading=\"lazy\" decoding=\"async\" width=\"795\" height=\"1024\" data-id=\"86\" src=\"https:\/\/maiafb.es\/wp-content\/uploads\/2025\/02\/1.-ADJOAA-795x1024.jpg\" alt=\"\" class=\"wp-image-86\" srcset=\"https:\/\/maiafb.es\/wp-content\/uploads\/2025\/02\/1.-ADJOAA-795x1024.jpg 795w, https:\/\/maiafb.es\/wp-content\/uploads\/2025\/02\/1.-ADJOAA-233x300.jpg 233w, https:\/\/maiafb.es\/wp-content\/uploads\/2025\/02\/1.-ADJOAA-768x989.jpg 768w, https:\/\/maiafb.es\/wp-content\/uploads\/2025\/02\/1.-ADJOAA.jpg 1080w\" sizes=\"auto, (max-width: 795px) 100vw, 795px\" \/><\/figure>\n\n\n\n<figure class=\"wp-block-image size-large\"><img loading=\"lazy\" decoding=\"async\" width=\"1024\" height=\"1021\" data-id=\"83\" src=\"https:\/\/maiafb.es\/wp-content\/uploads\/2025\/02\/2.-AFROPOLIS-MARSELLA-2022-1024x1021-1.jpg\" alt=\"\" class=\"wp-image-83\" srcset=\"https:\/\/maiafb.es\/wp-content\/uploads\/2025\/02\/2.-AFROPOLIS-MARSELLA-2022-1024x1021-1.jpg 1024w, https:\/\/maiafb.es\/wp-content\/uploads\/2025\/02\/2.-AFROPOLIS-MARSELLA-2022-1024x1021-1-300x300.jpg 300w, https:\/\/maiafb.es\/wp-content\/uploads\/2025\/02\/2.-AFROPOLIS-MARSELLA-2022-1024x1021-1-150x150.jpg 150w, https:\/\/maiafb.es\/wp-content\/uploads\/2025\/02\/2.-AFROPOLIS-MARSELLA-2022-1024x1021-1-768x766.jpg 768w\" sizes=\"auto, (max-width: 1024px) 100vw, 1024px\" \/><\/figure>\n\n\n\n<figure class=\"wp-block-image size-large\"><img loading=\"lazy\" decoding=\"async\" width=\"612\" height=\"1024\" data-id=\"84\" src=\"https:\/\/maiafb.es\/wp-content\/uploads\/2025\/02\/3.-TV5MONDEPLUS-612x1024.jpg\" alt=\"\" class=\"wp-image-84\" srcset=\"https:\/\/maiafb.es\/wp-content\/uploads\/2025\/02\/3.-TV5MONDEPLUS-612x1024.jpg 612w, https:\/\/maiafb.es\/wp-content\/uploads\/2025\/02\/3.-TV5MONDEPLUS-179x300.jpg 179w, https:\/\/maiafb.es\/wp-content\/uploads\/2025\/02\/3.-TV5MONDEPLUS.jpg 704w\" sizes=\"auto, (max-width: 612px) 100vw, 612px\" \/><\/figure>\n\n\n\n<figure class=\"wp-block-image size-large\"><img loading=\"lazy\" decoding=\"async\" width=\"573\" height=\"1024\" data-id=\"85\" src=\"https:\/\/maiafb.es\/wp-content\/uploads\/2025\/02\/4.-RADIO-AFRICA-1-573x1024.jpg\" alt=\"\" class=\"wp-image-85\" srcset=\"https:\/\/maiafb.es\/wp-content\/uploads\/2025\/02\/4.-RADIO-AFRICA-1-573x1024.jpg 573w, https:\/\/maiafb.es\/wp-content\/uploads\/2025\/02\/4.-RADIO-AFRICA-1-168x300.jpg 168w, https:\/\/maiafb.es\/wp-content\/uploads\/2025\/02\/4.-RADIO-AFRICA-1-768x1373.jpg 768w, https:\/\/maiafb.es\/wp-content\/uploads\/2025\/02\/4.-RADIO-AFRICA-1-859x1536.jpg 859w, https:\/\/maiafb.es\/wp-content\/uploads\/2025\/02\/4.-RADIO-AFRICA-1.jpg 1080w\" sizes=\"auto, (max-width: 573px) 100vw, 573px\" \/><\/figure>\n\n\n\n<figure class=\"wp-block-image size-large\"><img loading=\"lazy\" decoding=\"async\" width=\"579\" height=\"1024\" data-id=\"87\" src=\"https:\/\/maiafb.es\/wp-content\/uploads\/2025\/02\/5.-RADIO-AFRICA-2-579x1024.jpg\" alt=\"\" class=\"wp-image-87\" srcset=\"https:\/\/maiafb.es\/wp-content\/uploads\/2025\/02\/5.-RADIO-AFRICA-2-579x1024.jpg 579w, https:\/\/maiafb.es\/wp-content\/uploads\/2025\/02\/5.-RADIO-AFRICA-2-170x300.jpg 170w, https:\/\/maiafb.es\/wp-content\/uploads\/2025\/02\/5.-RADIO-AFRICA-2-768x1358.jpg 768w, https:\/\/maiafb.es\/wp-content\/uploads\/2025\/02\/5.-RADIO-AFRICA-2-869x1536.jpg 869w, https:\/\/maiafb.es\/wp-content\/uploads\/2025\/02\/5.-RADIO-AFRICA-2.jpg 1080w\" sizes=\"auto, (max-width: 579px) 100vw, 579px\" \/><\/figure>\n<\/figure>\n\n\n\n<p><\/p>\n","protected":false},"excerpt":{"rendered":"<p>Actualmente, desarrollo labores de periodismo y comunicaci\u00f3n para ADJOAA, una plataforma que a\u00fana dise\u00f1o y moda africana sostenible en un contexto internacional. Anteriormente, trabaj\u00e9 como periodista para la Diputaci\u00f3n de M\u00e1laga y como comunicadora biling\u00fce\/ayudante de artistas para Afr\u00f3polis en Marsella. Tambi\u00e9n he realizado tareas de difusi\u00f3n para la plataforma audiovisual francesa TV5MONDEplus y he [&hellip;]<\/p>\n","protected":false},"author":1,"featured_media":257,"parent":16,"menu_order":1,"comment_status":"closed","ping_status":"closed","template":"","meta":{"footnotes":""},"class_list":["post-46","page","type-page","status-publish","has-post-thumbnail","hentry"],"yoast_head":"<!-- This site is optimized with the Yoast SEO plugin v27.3 - https:\/\/yoast.com\/product\/yoast-seo-wordpress\/ -->\n<title>Periodismo - Mai\u00e1 Fernandes Bueno<\/title>\n<meta name=\"robots\" content=\"index, follow, max-snippet:-1, max-image-preview:large, max-video-preview:-1\" \/>\n<link rel=\"canonical\" href=\"https:\/\/maiafb.es\/index.php\/projects\/periodismo\/\" \/>\n<meta property=\"og:locale\" content=\"en_US\" \/>\n<meta property=\"og:type\" content=\"article\" \/>\n<meta property=\"og:title\" content=\"Periodismo - Mai\u00e1 Fernandes Bueno\" \/>\n<meta property=\"og:description\" content=\"Actualmente, desarrollo labores de periodismo y comunicaci\u00f3n para ADJOAA, una plataforma que a\u00fana dise\u00f1o y moda africana sostenible en un contexto internacional. Anteriormente, trabaj\u00e9 como periodista para la Diputaci\u00f3n de M\u00e1laga y como comunicadora biling\u00fce\/ayudante de artistas para Afr\u00f3polis en Marsella. Tambi\u00e9n he realizado tareas de difusi\u00f3n para la plataforma audiovisual francesa TV5MONDEplus y he [&hellip;]\" \/>\n<meta property=\"og:url\" content=\"https:\/\/maiafb.es\/index.php\/projects\/periodismo\/\" \/>\n<meta property=\"og:site_name\" content=\"Mai\u00e1 Fernandes Bueno\" \/>\n<meta property=\"article:modified_time\" content=\"2025-03-16T17:37:05+00:00\" \/>\n<meta property=\"og:image\" content=\"https:\/\/maiafb.es\/wp-content\/uploads\/2025\/03\/18369d_ac46ba3mec9734825a54421a4329b5706mv2.jpg\" \/>\n\t<meta property=\"og:image:width\" content=\"1080\" \/>\n\t<meta property=\"og:image:height\" content=\"1080\" \/>\n\t<meta property=\"og:image:type\" content=\"image\/jpeg\" \/>\n<meta name=\"twitter:card\" content=\"summary_large_image\" \/>\n<meta name=\"twitter:label1\" content=\"Est. reading time\" \/>\n\t<meta name=\"twitter:data1\" content=\"2 minutes\" \/>\n<script type=\"application\/ld+json\" class=\"yoast-schema-graph\">{\"@context\":\"https:\\\/\\\/schema.org\",\"@graph\":[{\"@type\":\"WebPage\",\"@id\":\"https:\\\/\\\/maiafb.es\\\/index.php\\\/projects\\\/periodismo\\\/\",\"url\":\"https:\\\/\\\/maiafb.es\\\/index.php\\\/projects\\\/periodismo\\\/\",\"name\":\"Periodismo - Mai\u00e1 Fernandes Bueno\",\"isPartOf\":{\"@id\":\"https:\\\/\\\/maiafb.es\\\/#website\"},\"primaryImageOfPage\":{\"@id\":\"https:\\\/\\\/maiafb.es\\\/index.php\\\/projects\\\/periodismo\\\/#primaryimage\"},\"image\":{\"@id\":\"https:\\\/\\\/maiafb.es\\\/index.php\\\/projects\\\/periodismo\\\/#primaryimage\"},\"thumbnailUrl\":\"https:\\\/\\\/maiafb.es\\\/wp-content\\\/uploads\\\/2025\\\/03\\\/18369d_ac46ba3mec9734825a54421a4329b5706mv2.jpg\",\"datePublished\":\"2024-12-14T21:02:00+00:00\",\"dateModified\":\"2025-03-16T17:37:05+00:00\",\"breadcrumb\":{\"@id\":\"https:\\\/\\\/maiafb.es\\\/index.php\\\/projects\\\/periodismo\\\/#breadcrumb\"},\"inLanguage\":\"en-US\",\"potentialAction\":[{\"@type\":\"ReadAction\",\"target\":[\"https:\\\/\\\/maiafb.es\\\/index.php\\\/projects\\\/periodismo\\\/\"]}]},{\"@type\":\"ImageObject\",\"inLanguage\":\"en-US\",\"@id\":\"https:\\\/\\\/maiafb.es\\\/index.php\\\/projects\\\/periodismo\\\/#primaryimage\",\"url\":\"https:\\\/\\\/maiafb.es\\\/wp-content\\\/uploads\\\/2025\\\/03\\\/18369d_ac46ba3mec9734825a54421a4329b5706mv2.jpg\",\"contentUrl\":\"https:\\\/\\\/maiafb.es\\\/wp-content\\\/uploads\\\/2025\\\/03\\\/18369d_ac46ba3mec9734825a54421a4329b5706mv2.jpg\",\"width\":1080,\"height\":1080},{\"@type\":\"BreadcrumbList\",\"@id\":\"https:\\\/\\\/maiafb.es\\\/index.php\\\/projects\\\/periodismo\\\/#breadcrumb\",\"itemListElement\":[{\"@type\":\"ListItem\",\"position\":1,\"name\":\"Home\",\"item\":\"https:\\\/\\\/maiafb.es\\\/\"},{\"@type\":\"ListItem\",\"position\":2,\"name\":\"Proyectos\",\"item\":\"https:\\\/\\\/maiafb.es\\\/index.php\\\/projects\\\/\"},{\"@type\":\"ListItem\",\"position\":3,\"name\":\"Periodismo\"}]},{\"@type\":\"WebSite\",\"@id\":\"https:\\\/\\\/maiafb.es\\\/#website\",\"url\":\"https:\\\/\\\/maiafb.es\\\/\",\"name\":\"Mai\u00e1 Fernandes Bueno\",\"description\":\"Communication, Graphic Design and Fashion\",\"publisher\":{\"@id\":\"https:\\\/\\\/maiafb.es\\\/#\\\/schema\\\/person\\\/b4fafac3a5907f5504db1d08bb2b3fa7\"},\"potentialAction\":[{\"@type\":\"SearchAction\",\"target\":{\"@type\":\"EntryPoint\",\"urlTemplate\":\"https:\\\/\\\/maiafb.es\\\/?s={search_term_string}\"},\"query-input\":{\"@type\":\"PropertyValueSpecification\",\"valueRequired\":true,\"valueName\":\"search_term_string\"}}],\"inLanguage\":\"en-US\"},{\"@type\":[\"Person\",\"Organization\"],\"@id\":\"https:\\\/\\\/maiafb.es\\\/#\\\/schema\\\/person\\\/b4fafac3a5907f5504db1d08bb2b3fa7\",\"name\":\"Mai\u00e1 Fernandes Bueno\",\"image\":{\"@type\":\"ImageObject\",\"inLanguage\":\"en-US\",\"@id\":\"https:\\\/\\\/secure.gravatar.com\\\/avatar\\\/dc22500446f42d7d949dbe98a6621a201b02b5d8704d76de8c500dd3e0ae24f5?s=96&d=mm&r=g\",\"url\":\"https:\\\/\\\/secure.gravatar.com\\\/avatar\\\/dc22500446f42d7d949dbe98a6621a201b02b5d8704d76de8c500dd3e0ae24f5?s=96&d=mm&r=g\",\"contentUrl\":\"https:\\\/\\\/secure.gravatar.com\\\/avatar\\\/dc22500446f42d7d949dbe98a6621a201b02b5d8704d76de8c500dd3e0ae24f5?s=96&d=mm&r=g\",\"caption\":\"Mai\u00e1 Fernandes Bueno\"},\"logo\":{\"@id\":\"https:\\\/\\\/secure.gravatar.com\\\/avatar\\\/dc22500446f42d7d949dbe98a6621a201b02b5d8704d76de8c500dd3e0ae24f5?s=96&d=mm&r=g\"},\"sameAs\":[\"https:\\\/\\\/maiafb.es\\\/\",\"https:\\\/\\\/www.linkedin.com\\\/in\\\/mai-fernandes-bueno-06374a286\\\/\"]}]}<\/script>\n<!-- \/ Yoast SEO plugin. -->","yoast_head_json":{"title":"Periodismo - Mai\u00e1 Fernandes Bueno","robots":{"index":"index","follow":"follow","max-snippet":"max-snippet:-1","max-image-preview":"max-image-preview:large","max-video-preview":"max-video-preview:-1"},"canonical":"https:\/\/maiafb.es\/index.php\/projects\/periodismo\/","og_locale":"en_US","og_type":"article","og_title":"Periodismo - Mai\u00e1 Fernandes Bueno","og_description":"Actualmente, desarrollo labores de periodismo y comunicaci\u00f3n para ADJOAA, una plataforma que a\u00fana dise\u00f1o y moda africana sostenible en un contexto internacional. Anteriormente, trabaj\u00e9 como periodista para la Diputaci\u00f3n de M\u00e1laga y como comunicadora biling\u00fce\/ayudante de artistas para Afr\u00f3polis en Marsella. Tambi\u00e9n he realizado tareas de difusi\u00f3n para la plataforma audiovisual francesa TV5MONDEplus y he [&hellip;]","og_url":"https:\/\/maiafb.es\/index.php\/projects\/periodismo\/","og_site_name":"Mai\u00e1 Fernandes Bueno","article_modified_time":"2025-03-16T17:37:05+00:00","og_image":[{"width":1080,"height":1080,"url":"https:\/\/maiafb.es\/wp-content\/uploads\/2025\/03\/18369d_ac46ba3mec9734825a54421a4329b5706mv2.jpg","type":"image\/jpeg"}],"twitter_card":"summary_large_image","twitter_misc":{"Est. reading time":"2 minutes"},"schema":{"@context":"https:\/\/schema.org","@graph":[{"@type":"WebPage","@id":"https:\/\/maiafb.es\/index.php\/projects\/periodismo\/","url":"https:\/\/maiafb.es\/index.php\/projects\/periodismo\/","name":"Periodismo - Mai\u00e1 Fernandes Bueno","isPartOf":{"@id":"https:\/\/maiafb.es\/#website"},"primaryImageOfPage":{"@id":"https:\/\/maiafb.es\/index.php\/projects\/periodismo\/#primaryimage"},"image":{"@id":"https:\/\/maiafb.es\/index.php\/projects\/periodismo\/#primaryimage"},"thumbnailUrl":"https:\/\/maiafb.es\/wp-content\/uploads\/2025\/03\/18369d_ac46ba3mec9734825a54421a4329b5706mv2.jpg","datePublished":"2024-12-14T21:02:00+00:00","dateModified":"2025-03-16T17:37:05+00:00","breadcrumb":{"@id":"https:\/\/maiafb.es\/index.php\/projects\/periodismo\/#breadcrumb"},"inLanguage":"en-US","potentialAction":[{"@type":"ReadAction","target":["https:\/\/maiafb.es\/index.php\/projects\/periodismo\/"]}]},{"@type":"ImageObject","inLanguage":"en-US","@id":"https:\/\/maiafb.es\/index.php\/projects\/periodismo\/#primaryimage","url":"https:\/\/maiafb.es\/wp-content\/uploads\/2025\/03\/18369d_ac46ba3mec9734825a54421a4329b5706mv2.jpg","contentUrl":"https:\/\/maiafb.es\/wp-content\/uploads\/2025\/03\/18369d_ac46ba3mec9734825a54421a4329b5706mv2.jpg","width":1080,"height":1080},{"@type":"BreadcrumbList","@id":"https:\/\/maiafb.es\/index.php\/projects\/periodismo\/#breadcrumb","itemListElement":[{"@type":"ListItem","position":1,"name":"Home","item":"https:\/\/maiafb.es\/"},{"@type":"ListItem","position":2,"name":"Proyectos","item":"https:\/\/maiafb.es\/index.php\/projects\/"},{"@type":"ListItem","position":3,"name":"Periodismo"}]},{"@type":"WebSite","@id":"https:\/\/maiafb.es\/#website","url":"https:\/\/maiafb.es\/","name":"Mai\u00e1 Fernandes Bueno","description":"Communication, Graphic Design and Fashion","publisher":{"@id":"https:\/\/maiafb.es\/#\/schema\/person\/b4fafac3a5907f5504db1d08bb2b3fa7"},"potentialAction":[{"@type":"SearchAction","target":{"@type":"EntryPoint","urlTemplate":"https:\/\/maiafb.es\/?s={search_term_string}"},"query-input":{"@type":"PropertyValueSpecification","valueRequired":true,"valueName":"search_term_string"}}],"inLanguage":"en-US"},{"@type":["Person","Organization"],"@id":"https:\/\/maiafb.es\/#\/schema\/person\/b4fafac3a5907f5504db1d08bb2b3fa7","name":"Mai\u00e1 Fernandes Bueno","image":{"@type":"ImageObject","inLanguage":"en-US","@id":"https:\/\/secure.gravatar.com\/avatar\/dc22500446f42d7d949dbe98a6621a201b02b5d8704d76de8c500dd3e0ae24f5?s=96&d=mm&r=g","url":"https:\/\/secure.gravatar.com\/avatar\/dc22500446f42d7d949dbe98a6621a201b02b5d8704d76de8c500dd3e0ae24f5?s=96&d=mm&r=g","contentUrl":"https:\/\/secure.gravatar.com\/avatar\/dc22500446f42d7d949dbe98a6621a201b02b5d8704d76de8c500dd3e0ae24f5?s=96&d=mm&r=g","caption":"Mai\u00e1 Fernandes Bueno"},"logo":{"@id":"https:\/\/secure.gravatar.com\/avatar\/dc22500446f42d7d949dbe98a6621a201b02b5d8704d76de8c500dd3e0ae24f5?s=96&d=mm&r=g"},"sameAs":["https:\/\/maiafb.es\/","https:\/\/www.linkedin.com\/in\/mai-fernandes-bueno-06374a286\/"]}]}},"_links":{"self":[{"href":"https:\/\/maiafb.es\/index.php\/wp-json\/wp\/v2\/pages\/46","targetHints":{"allow":["GET"]}}],"collection":[{"href":"https:\/\/maiafb.es\/index.php\/wp-json\/wp\/v2\/pages"}],"about":[{"href":"https:\/\/maiafb.es\/index.php\/wp-json\/wp\/v2\/types\/page"}],"author":[{"embeddable":true,"href":"https:\/\/maiafb.es\/index.php\/wp-json\/wp\/v2\/users\/1"}],"replies":[{"embeddable":true,"href":"https:\/\/maiafb.es\/index.php\/wp-json\/wp\/v2\/comments?post=46"}],"version-history":[{"count":14,"href":"https:\/\/maiafb.es\/index.php\/wp-json\/wp\/v2\/pages\/46\/revisions"}],"predecessor-version":[{"id":317,"href":"https:\/\/maiafb.es\/index.php\/wp-json\/wp\/v2\/pages\/46\/revisions\/317"}],"up":[{"embeddable":true,"href":"https:\/\/maiafb.es\/index.php\/wp-json\/wp\/v2\/pages\/16"}],"wp:featuredmedia":[{"embeddable":true,"href":"https:\/\/maiafb.es\/index.php\/wp-json\/wp\/v2\/media\/257"}],"wp:attachment":[{"href":"https:\/\/maiafb.es\/index.php\/wp-json\/wp\/v2\/media?parent=46"}],"curies":[{"name":"wp","href":"https:\/\/api.w.org\/{rel}","templated":true}]}}